{"id":30,"date":"2021-10-23T14:45:50","date_gmt":"2021-10-23T17:45:50","guid":{"rendered":"https:\/\/estacionemocion.com\/?page_id=30"},"modified":"2021-10-23T14:45:50","modified_gmt":"2021-10-23T17:45:50","slug":"politica-de-cookies","status":"publish","type":"page","link":"https:\/\/estacionemocion.com\/?page_id=30","title":{"rendered":"Pol\u00edtica de Cookies"},"content":{"rendered":"\n<p>\n\tEn cumplimiento con el art\u00edculo 22 de la Ley 34\/2002, de 11 de julio, de servicios de la sociedad de la informaci\u00f3n y de comercio electr\u00f3nico (LSSI), en relaci\u00f3n con el Reglamento (UE) 2016\/679 del Parlamento Europeo y del Consejo, de 27 de abril de 2016, General de Protecci\u00f3n de Datos (RGPD) y la Ley Org\u00e1nica 3\/2018, de 5 de diciembre, de Protecci\u00f3n de Datos y garant\u00eda de los derechos digitales (LOPDGDD), el Titular pone a disposici\u00f3n de los usuarios la Pol\u00edtica de recogida y tratamiento de cookies del sitio Web.\n<\/p>\n\n<h2>Qu\u00e9 son las Cookies<\/h2>\n<p>\n\tUna Cookie es un fichero que se descarga en su ordenador al entrar a determinadas p\u00e1ginas web. Las cookies permiten a una p\u00e1gina web, entre otras cosas, almacenar y recuperar informaci\u00f3n sobre sus h\u00e1bitos de navegaci\u00f3n y dependiendo de la informaci\u00f3n que contengan y de la forma en que utilice su equipo pueden utilizarse para identificarle.\n<\/p>\n\n\n<h2>Cookies utilizadas en el sitio Web<\/h2>\n<p>\n\tA continuaci\u00f3n se clasifican las cookies utilizadas por el sitio Web <a href=\"\">https:\/\/estacionemocion.com<\/a>:\n\t<!--as\u00ed como su tipolog\u00eda, fines de tratamiento y criterios de conservaci\u00f3n de los datos clasificadas:-->\n<\/p>\n\n<p>\n\t<b>Seg\u00fan la entidad que las gestiona<\/b>\n\t<ul>\n\t\t<li>Cookies propias: Son aquellas enviadas y gestionadas directamente por el Titular.<\/li>\n\t<\/ul>\n<\/p>\n\n<p>\n\t<b>Seg\u00fan su finalidad<\/b>\n\t<ul>\n\t\t<li>\n\t\t\tCookies t\u00e9cnicas: Son aquellas que permiten a los usuarios registrados navegar a trav\u00e9s del sitio Web, del \u00e1rea restringida y a utilizar sus diferentes funciones, como por ejemplo, el sistema de comentarios o el buscador.\n\t\t<\/li>\n\t\t<li>\n\t\t\tCookies de personalizaci\u00f3n: Son aquellas que permiten a los usuarios acceder al Servicio con algunas caracter\u00edsticas de car\u00e1cter general predefinidas en funci\u00f3n de una serie de criterios establecidos por el Usuario como, por ejemplo, el idioma o el tipo de navegador a trav\u00e9s del cual se conecta a este sitio Web.\n\t\t<\/li>\n\t\t<li>\n\t\t\tCookies sociales: Son establecidas por las plataformas de redes sociales para permitir a los usuarios compartir contenido con sus amigos y redes.\n\t\t<\/li>\n\t<\/ul>\n<\/p>\n\n<p>\n\t<b>Seg\u00fan su duraci\u00f3n<\/b>\n\t<ul>\n\t\t<li>\n\t\t\tCookies de sesi\u00f3n: Son aquellas dise\u00f1adas para recabar y almacenar datos mientras el Usuario accede al sitio Web.\n\t\t<\/li>\n\t\t<li>\n\t\t\tCookies persistentes: Son aquellas en las que los datos siguen almacenados en el terminal del Usuario y pueden ser accedidos y tratados durante un per\u00edodo definido por el responsable de la cookie.\n\t\t<\/li>\t\t\n\t<\/ul>\n<\/p>\n\n\n<h2>Listado de cookies utilizadas<\/h2>\n<p>\n\tEste sitio Web puede instalar las siguientes cookies:\n<\/p>\n<p>\n\t<b>Cookies t\u00e9cnicas<\/b>\n\n\t<ul>\n\t\t<li><b>wp-settings-{user_id}:<\/b> Cookie t\u00e9cnica que se usa para mantener la configuraci\u00f3n del Usuario en el escritorio de WordPress (\/wp-admin). Es persistente y tiene una duraci\u00f3n de 1 a\u00f1o.<\/li>\n\t\t<li><b>hasConsent:<\/b> Cookie t\u00e9cnica que almacena el consentimiento del Usuario. Es persistente y tiene una duraci\u00f3n de 1 a\u00f1o.<\/li>\n\t<\/ul>\n<\/p>\n\n\n<\/ul>\n\n\n<p>\n  <b>Cookies sociales<\/b>\n  <ul>\n    <li>\n      El sitio Web incluye otras funcionalidades proporcionadas por servicios de terceros y redes sociales para mejorar la experiencia de los visitantes. Puede compartir el contenido en sus redes sociales como Facebook, Twitter, Instagram, Vimeo o YouTube con los botones incluidos a tal efecto o con las herramientas para compartir propias de las redes sociales. Como resultado, estos servicios pueden instalar cookies y utilizarlas para rastrear su actividad online. El Titular no tiene control directo sobre la informaci\u00f3n recopilada por estas cookies.\n    <\/li>\n  <\/ul>\n<\/p>\n\n\n\n\n\n<h2>Aceptaci\u00f3n o rechazo de la instalaci\u00f3n de cookies<\/h2>\n<p>\nEl Titular muestra informaci\u00f3n sobre su Pol\u00edtica de cookies en el men\u00fa del pie de p\u00e1gina y en el banner de cookies accesible en todas las p\u00e1ginas del Sitio Web. El banner de cookies muestra informaci\u00f3n esencial sobre el tratamiento de datos y permite al Usuario realizar las siguientes acciones:\n<\/p>\n<p>\n<ul>\n  <li>Aceptar o rechazar la instalaci\u00f3n de cookies, o retirar el consentimiento previamente otorgado.<\/li>\n  <li>Cambiar las preferencias de cookies desde la p\u00e1gina Personalizar Cookies, a la que puede acceder desde el Aviso de Cookies o desde la p\u00e1gina de <a href=\"https:\/\/estacionemocion.com\/?page_id=31\">Personalizar Cookies<\/a>.<\/li>\n  \n  <li>Obtener informaci\u00f3n adicional en la p\u00e1gina de  <a href=https:\/\/estacionemocion.com\/?page_id=30>Pol\u00edtica de Cookies<\/a>.<\/li>\n<\/ul>\n<\/p>\n\n<h2>Eliminaci\u00f3n de cookies<\/h2>\n<p>\n  Puede aceptar, bloquear o eliminar las cookies instaladas en su equipo mediante la configuraci\u00f3n de las opciones del navegador, pero tenga en cuenta que parte del sitio no funcionar\u00e1 correctamente o que algunas de sus funcionalidades no estar\u00e1n disponibles o tendr\u00e1n errores.\n<\/p>\n<p> \n  En los siguientes enlaces encontrar\u00e1 instrucciones para habilitar o deshabilitar las cookies en los navegadores m\u00e1s comunes.\n<\/p>\n<p>\n  <ul>\n    <li><a rel=\"nofollow\" target=\"_blank\" rel=\"noopener noreferrer nofollow\" href=\"http:\/\/support.mozilla.org\/es\/kb\/habilitar-y-deshabilitar-cookies-que-los-sitios-we\">Firefox<\/a><\/li>\n    <li><a target=\"_blank\" rel=\"noopener noreferrer nofollow\" href=\"https:\/\/support.google.com\/chrome\/answer\/95647?hl=es\">Google Chrome<\/a><\/li>\n    <li><a target=\"_blank\" rel=\"noopener noreferrer nofollow\" href='https:\/\/support.microsoft.com\/es-es\/help\/17442\/windows-internet-explorer-delete-manage-cookies#ie=\"ie-10'>Internet Explorer<\/a><\/li>\n    <li><a target=\"_blank\" rel=\"noopener noreferrer nofollow\" href='https:\/\/support.microsoft.com\/es-es\/help\/4468242\/microsoft-edge-browsing-data-and-privacy'>Microsoft Edge<\/a><\/li>\n    <li><a rel=\"nofollow\" target=\"_blank\" rel=\"noopener noreferrer nofollow\" href=\"http:\/\/support.apple.com\/kb\/HT1677?viewlocale=es_ES\">Safari<\/a><\/li>\n  <\/ul>\n<\/p>\n\n\n<h2>Tratamiento de Datos Personales<\/h2>\n\n<p> \n  El Titular es el Responsable del tratamiento de los datos personales del usuario.\n  .\n<\/p>\n\n<h2>Contacto<\/h2>\n<p>\n  En caso de que tenga cualquier duda acerca de esta Pol\u00edtica de Cookies o quiera realizar cualquier comentario sobre este sitio Web, puede enviar un mensaje a la direcci\u00f3n de correo electr\u00f3nico:  alizberrios@outlook.com\n<\/p>\n","protected":false},"excerpt":{"rendered":"<p>En cumplimiento con el art\u00edculo 22 de la Ley 34\/2002, de 11 de julio, de servicios de la sociedad de la informaci\u00f3n y de comercio electr\u00f3nico (LSSI), en relaci\u00f3n con el Reglamento (UE) 2016\/679 del Parlamento Europeo y del Consejo, de 27 de abril de 2016, General de Protecci\u00f3n de Datos (RGPD) y la Ley [&hellip;]<\/p>\n","protected":false},"author":1,"featured_media":0,"parent":0,"menu_order":0,"comment_status":"closed","ping_status":"closed","template":"","meta":[],"_links":{"self":[{"href":"https:\/\/estacionemocion.com\/index.php?rest_route=\/wp\/v2\/pages\/30"}],"collection":[{"href":"https:\/\/estacionemocion.com\/index.php?rest_route=\/wp\/v2\/pages"}],"about":[{"href":"https:\/\/estacionemocion.com\/index.php?rest_route=\/wp\/v2\/types\/page"}],"author":[{"embeddable":true,"href":"https:\/\/estacionemocion.com\/index.php?rest_route=\/wp\/v2\/users\/1"}],"replies":[{"embeddable":true,"href":"https:\/\/estacionemocion.com\/index.php?rest_route=%2Fwp%2Fv2%2Fcomments&post=30"}],"version-history":[{"count":0,"href":"https:\/\/estacionemocion.com\/index.php?rest_route=\/wp\/v2\/pages\/30\/revisions"}],"wp:attachment":[{"href":"https:\/\/estacionemocion.com\/index.php?rest_route=%2Fwp%2Fv2%2Fmedia&parent=30"}],"curies":[{"name":"wp","href":"https:\/\/api.w.org\/{rel}","templated":true}]}}